{"id":3,"date":"2022-09-24T16:32:33","date_gmt":"2022-09-24T16:32:33","guid":{"rendered":"http:\/\/smi2000.net\/wpsmiweb2\/?page_id=3"},"modified":"2022-10-18T05:30:06","modified_gmt":"2022-10-18T05:30:06","slug":"politica-privacidad","status":"publish","type":"page","link":"https:\/\/web.smi2000.net\/index.php\/politica-privacidad\/","title":{"rendered":"Pol\u00edtica de privacidad"},"content":{"rendered":"\n<p><\/p>\n\n\n\n<h3 class=\"wp-block-heading\" id=\"001\"><strong>POL\u00cdTICA DE PRIVACIDAD<\/strong><\/h3>\n\n\n\n<figure class=\"wp-block-table is-style-stripes\"><table><tbody><tr><td>RESPONSABLE<\/td><td>SOLUCIONES MEC\u00c1NICAS INTEGRALES 2000, S.L.<\/td><\/tr><tr><td>FINALIDAD<\/td><td>ATENCI\u00d3N AL CLIENTE<\/td><\/tr><tr><td>LEGITIMACI\u00d3N<\/td><td>CONSENTIMIENTO INTERESADO<\/td><\/tr><tr><td>DESTINATARIOS<\/td><td>NO SE CEDER\u00c1N DATOS PERSONALES A TERCEROS<\/td><\/tr><tr><td>DERECHOS<\/td><td>Derecho de acceso, rectificaci\u00f3n y supresi\u00f3n, as\u00ed como otros derechos como se explica en la informaci\u00f3n adicional<\/td><\/tr><tr><td>INFORMACI\u00d3N ADICIONAL<\/td><td>+ INFO sobre pol\u00edtica de PROTECCI\u00d3N DE DATOS<\/td><\/tr><\/tbody><\/table><\/figure>\n\n\n\n<p><\/p>\n\n\n\n<h3 class=\"wp-block-heading\" id=\"001\"><strong>SOBRE PROTECCI\u00d3N DE DATOS<\/strong><\/h3>\n\n\n\n<p>En cumplimiento de la normativa vigente en materia de PROTECCI\u00d3N DE DATOS, le informamos que los datos personales que son recogidas en este formulario ser\u00e1n incluidos en un fichero titularidad de SOLUCIONES MEC\u00c1NICAS INTEGRALES 2000, S.L. y que ser\u00e1n tratados con la m\u00e1xima confidencialidad y con el compromiso de cumplir con la legislaci\u00f3n en materia de protecci\u00f3n de datos de car\u00e1cter personal.<\/p>\n\n\n\n<p><\/p>\n\n\n\n<p><\/p>\n\n\n\n<h3 class=\"wp-block-heading\"><strong>INFORMACI\u00d3N ADICIONAL SOBRE PROTECCI\u00d3N DE DATOS<\/strong><\/h3>\n\n\n\n<figure class=\"wp-block-table is-style-stripes\"><table><tbody><tr><td>IDENTIDAD<\/td><td>SOLUCIONES MEC\u00c1NICAS INTEGRALES 2000, S.L.<\/td><\/tr><tr><td>CIF<\/td><td>B-64571375<\/td><\/tr><tr><td>Inscrip. Reg Merc. BCN<\/td><td>Volumen 39.667, folio 43, Hoja B350105<\/td><\/tr><tr><td>Direcci\u00f3n postal<\/td><td>Av. Ragull 50, 2-1 08173 Sant Cugat del Vall\u00e8s. Barcelona, Espa\u00f1a<\/td><\/tr><tr><td>Direcci\u00f3n electr\u00f3nica<\/td><td><a href=\"mailto:info@smi2000.net\">info@smi2000.net<\/a><\/td><\/tr><tr><td>Tel\u00e9fono<\/td><td>+34 935 878 744<\/td><\/tr><\/tbody><\/table><\/figure>\n\n\n\n<p><\/p>\n\n\n\n<p>La recogida y tratamiento de automatizado de los datos de car\u00e1cter personal facilitados por usted tiene como finalidad la ATENCI\u00d3N PERSONALIZADA DE SU CONSULTA y siempre que constemos expresamente autorizados, INFORMARLE DE LAS NOVEDADES DE LA EMPRESA.<\/p>\n\n\n\n<p>Sus datos personales ser\u00e1n mantenidos exclusivamente durante el tiempo necesario para tramitar su petici\u00f3n y, cuando constemos de forma previa autorizados, mientras exista un inter\u00e9s comercial activo.<\/p>\n\n\n\n<p>En ning\u00fan caso se proceder\u00e1 al tratamiento automatizado de sus datos.<\/p>\n\n\n\n<p>La base jur\u00eddica del tratamiento responde a la consulta realizada por el titular de los datos personales por lo cual la negativa a facilitar estos impedir\u00eda poder atender su consulta.<\/p>\n\n\n\n<p>Los datos tratados ser\u00e1n utilizados de forma exclusiva para las finalidades recabadas, no existir\u00e1 transferencia a terceros pa\u00edses, ni ser\u00e1n cedidas a terceras personas.<\/p>\n\n\n\n<p>En cumplimiento de la normativa de Protecci\u00f3n de Datos les informamos que tiene derecho a solicitar el acceso a sus datos personales, solicitar su rectificaci\u00f3n o supresi\u00f3n, solicitar la limitaci\u00f3n de su tratamiento, a oponerse a este y a solicitar la portabilidad de sus datos.<\/p>\n\n\n\n<p>Podr\u00e1 ejercer los anteriores derechos previa acreditaci\u00f3n de su identidad de forma directa a trav\u00e9s de la presente web o a trav\u00e9s de alguno de los siguientes medios: la direcci\u00f3n postal del responsable, al tel\u00e9fono +34 935 878 744 o la direcci\u00f3n de correo electr\u00f3nico <a href=\"mailto:info@smi2000.net\">info@smi2000.net<\/a>.<\/p>\n\n\n\n<p>As\u00ed mismo tiene derecho a reclamar frente la Autoridad de Control en materia de protecci\u00f3n de datos.<\/p>\n\n\n\n<p>SOLUCIONES MEC\u00c1NICAS INTEGRALES 2000, S.L. ha adoptado las medidas t\u00e9cnicas necesarias para mantener el nivel requerido de seguridad seg\u00fan la naturaleza de los datos personales tratados y las circunstancias del tratamiento con el objetivo de evitar, en la medida de lo posible y seg\u00fan el estado de la t\u00e9cnica, la alteraci\u00f3n, p\u00e9rdida, tratamiento o acceso no autorizado a sus datos personales.<\/p>\n","protected":false},"excerpt":{"rendered":"<p>POL\u00cdTICA DE PRIVACIDAD RESPONSABLE SOLUCIONES MEC\u00c1NICAS INTEGRALES 2000, S.L. FINALIDAD ATENCI\u00d3N AL CLIENTE LEGITIMACI\u00d3N CONSENTIMIENTO INTERESADO DESTINATARIOS NO SE CEDER\u00c1N DATOS PERSONALES A TERCEROS DERECHOS Derecho de acceso, rectificaci\u00f3n y supresi\u00f3n, as\u00ed como otros derechos como se explica en la informaci\u00f3n adicional INFORMACI\u00d3N ADICIONAL + INFO sobre pol\u00edtica de PROTECCI\u00d3N DE DATOS SOBRE PROTECCI\u00d3N DE [&hellip;]<\/p>\n","protected":false},"author":1,"featured_media":0,"parent":0,"menu_order":0,"comment_status":"closed","ping_status":"closed","template":"","meta":{"footnotes":""},"class_list":["post-3","page","type-page","status-publish","hentry"],"_links":{"self":[{"href":"https:\/\/web.smi2000.net\/index.php\/wp-json\/wp\/v2\/pages\/3","targetHints":{"allow":["GET"]}}],"collection":[{"href":"https:\/\/web.smi2000.net\/index.php\/wp-json\/wp\/v2\/pages"}],"about":[{"href":"https:\/\/web.smi2000.net\/index.php\/wp-json\/wp\/v2\/types\/page"}],"author":[{"embeddable":true,"href":"https:\/\/web.smi2000.net\/index.php\/wp-json\/wp\/v2\/users\/1"}],"replies":[{"embeddable":true,"href":"https:\/\/web.smi2000.net\/index.php\/wp-json\/wp\/v2\/comments?post=3"}],"version-history":[{"count":6,"href":"https:\/\/web.smi2000.net\/index.php\/wp-json\/wp\/v2\/pages\/3\/revisions"}],"predecessor-version":[{"id":4096,"href":"https:\/\/web.smi2000.net\/index.php\/wp-json\/wp\/v2\/pages\/3\/revisions\/4096"}],"wp:attachment":[{"href":"https:\/\/web.smi2000.net\/index.php\/wp-json\/wp\/v2\/media?parent=3"}],"curies":[{"name":"wp","href":"https:\/\/api.w.org\/{rel}","templated":true}]}}